{"id":110,"date":"2023-07-28T22:09:05","date_gmt":"2023-07-28T20:09:05","guid":{"rendered":"https:\/\/os-rajic.skole.hr\/?page_id=110"},"modified":"2026-02-02T10:09:18","modified_gmt":"2026-02-02T09:09:18","slug":"skolski-kalendar","status":"publish","type":"page","link":"https:\/\/os-rajic.skole.hr\/?page_id=110","title":{"rendered":"\u0160kolski kalendar"},"content":{"rendered":"<p>[et_pb_section fb_built=&#8221;1&#8243; _builder_version=&#8221;4.25.0&#8243; _module_preset=&#8221;default&#8221; hover_enabled=&#8221;0&#8243; global_colors_info=&#8221;{}&#8221; sticky_enabled=&#8221;0&#8243; custom_margin=&#8221;||-91px|||&#8221;][et_pb_row _builder_version=&#8221;4.25.0&#8243; _module_preset=&#8221;default&#8221; global_colors_info=&#8221;{}&#8221;][et_pb_column type=&#8221;4_4&#8243; _builder_version=&#8221;4.25.0&#8243; _module_preset=&#8221;default&#8221; global_colors_info=&#8221;{}&#8221;][et_pb_post_title _builder_version=&#8221;4.25.0&#8243; _module_preset=&#8221;default&#8221; global_colors_info=&#8221;{}&#8221; meta=&#8221;off&#8221; hover_enabled=&#8221;0&#8243; sticky_enabled=&#8221;0&#8243;][\/et_pb_post_title][et_pb_text _builder_version=&#8221;4.25.0&#8243; _module_preset=&#8221;default&#8221; global_colors_info=&#8221;{}&#8221;]<\/p>\n<p><strong><span>Nastavna godina po\u010dinje\u00a0<\/span>8. rujna 2025.<span>, a zavr\u0161ava\u00a0<\/span>12. lipnja 2026. godine. <span>Ustrojava se u dva polugodi\u0161ta \u2013 prvo \u0107e trajati od 8. rujna do 23. prosinca 2025. godine. Drugo polugodi\u0161te zapo\u010dinje 12. sije\u010dnja i traje do 12. lipnja 2026. godine<\/span><\/strong><\/p>\n<p><strong><\/strong><\/p>\n<p><span>Praznici u 2025.\/2026. raspore\u0111eni su na sljede\u0107i na\u010din:<\/span>:<\/p>\n<ul>\n<li><strong>zimski praznici<\/strong><span>\u00a0<\/span>po\u010dinju<span>\u00a0<\/span><strong>24. prosinca<\/strong><span>\u00a0<\/span>2025. godine i traju do 9. sije\u010dnja 2026. godine, s tim da nastava po\u010dinje<span>\u00a0<\/span><strong>12. sije\u010dnja<\/strong><span>\u00a0<\/span>2026. godine<\/li>\n<li><strong>proljetni praznici<\/strong><span>\u00a0<\/span>po\u010dinju<span>\u00a0<\/span><strong>30. o\u017eujka<\/strong><span>\u00a0<\/span>2026. godine i zavr\u0161avaju 6. travnja 2026 . godine, s tim da nastava po\u010dinje<span>\u00a0<\/span><strong>7. travnja<\/strong><span>\u00a0<\/span>2026. godine<\/li>\n<li><strong>ljetni praznici<\/strong><span>\u00a0<\/span>po\u010dinju<span>\u00a0<\/span><strong>15. lipnja<\/strong><span>\u00a0<\/span>2026. godine<\/li>\n<\/ul>\n<p>[\/et_pb_text][\/et_pb_column][\/et_pb_row][\/et_pb_section][et_pb_section fb_built=&#8221;1&#8243; theme_builder_area=&#8221;post_content&#8221; _builder_version=&#8221;4.25.0&#8243; _module_preset=&#8221;default&#8221;][et_pb_row _builder_version=&#8221;4.25.0&#8243; _module_preset=&#8221;default&#8221; theme_builder_area=&#8221;post_content&#8221; min_height=&#8221;891.9px&#8221;][et_pb_column _builder_version=&#8221;4.25.0&#8243; _module_preset=&#8221;default&#8221; type=&#8221;4_4&#8243; theme_builder_area=&#8221;post_content&#8221;][et_pb_image src=&#8221;https:\/\/os-rajic.skole.hr\/wp-content\/uploads\/sites\/2086\/2026\/02\/Skolski-kalendar-prijedlog-za-2025-2026-1-2048&#215;1458-1.jpg&#8221; _builder_version=&#8221;4.25.0&#8243; _module_preset=&#8221;default&#8221; theme_builder_area=&#8221;post_content&#8221; title_text=&#8221;Skolski-kalendar-prijedlog-za-2025-2026-1-2048&#215;1458&#8243; hover_enabled=&#8221;0&#8243; sticky_enabled=&#8221;0&#8243;][\/et_pb_image][\/et_pb_column][\/et_pb_row][\/et_pb_section]<\/p>\n","protected":false},"excerpt":{"rendered":"<p>Nastavna godina po\u010dinje\u00a08. rujna 2025., a zavr\u0161ava\u00a012. lipnja 2026. godine. Ustrojava se u dva polugodi\u0161ta \u2013 prvo \u0107e trajati od 8. rujna do 23. prosinca 2025. godine. Drugo polugodi\u0161te zapo\u010dinje 12. sije\u010dnja i traje do 12. lipnja 2026. godine Praznici u 2025.\/2026. raspore\u0111eni su na sljede\u0107i na\u010din:: zimski praznici\u00a0po\u010dinju\u00a024. prosinca\u00a02025. godine i traju do 9. [&hellip;]<\/p>\n","protected":false},"author":0,"featured_media":0,"parent":0,"menu_order":0,"comment_status":"closed","ping_status":"closed","template":"","meta":{"_et_pb_use_builder":"on","_et_pb_old_content":"","_et_gb_content_width":"","footnotes":""},"class_list":["post-110","page","type-page","status-publish","hentry"],"_links":{"self":[{"href":"https:\/\/os-rajic.skole.hr\/index.php?rest_route=\/wp\/v2\/pages\/110","targetHints":{"allow":["GET"]}}],"collection":[{"href":"https:\/\/os-rajic.skole.hr\/index.php?rest_route=\/wp\/v2\/pages"}],"about":[{"href":"https:\/\/os-rajic.skole.hr\/index.php?rest_route=\/wp\/v2\/types\/page"}],"replies":[{"embeddable":true,"href":"https:\/\/os-rajic.skole.hr\/index.php?rest_route=%2Fwp%2Fv2%2Fcomments&post=110"}],"version-history":[{"count":2,"href":"https:\/\/os-rajic.skole.hr\/index.php?rest_route=\/wp\/v2\/pages\/110\/revisions"}],"predecessor-version":[{"id":296121,"href":"https:\/\/os-rajic.skole.hr\/index.php?rest_route=\/wp\/v2\/pages\/110\/revisions\/296121"}],"wp:attachment":[{"href":"https:\/\/os-rajic.skole.hr\/index.php?rest_route=%2Fwp%2Fv2%2Fmedia&parent=110"}],"curies":[{"name":"wp","href":"https:\/\/api.w.org\/{rel}","templated":true}]}}