{"id":20,"date":"2023-07-28T22:02:44","date_gmt":"2023-07-28T20:02:44","guid":{"rendered":"https:\/\/os-rajic.skole.hr\/?page_id=20"},"modified":"2026-02-10T10:52:27","modified_gmt":"2026-02-10T09:52:27","slug":"o-skoli","status":"publish","type":"page","link":"https:\/\/os-rajic.skole.hr\/?page_id=20","title":{"rendered":"O \u0161koli"},"content":{"rendered":"<p>[et_pb_section fb_built=&#8221;1&#8243; _builder_version=&#8221;4.25.0&#8243; _module_preset=&#8221;default&#8221; global_colors_info=&#8221;{}&#8221;][et_pb_row _builder_version=&#8221;4.25.0&#8243; _module_preset=&#8221;default&#8221; global_colors_info=&#8221;{}&#8221;][et_pb_column type=&#8221;4_4&#8243; _builder_version=&#8221;4.25.0&#8243; _module_preset=&#8221;default&#8221; global_colors_info=&#8221;{}&#8221;][et_pb_image src=&#8221;https:\/\/os-rajic.skole.hr\/wp-content\/uploads\/sites\/2086\/2024\/09\/unnamed.jpg&#8221; title_text=&#8221;unnamed&#8221; _builder_version=&#8221;4.25.0&#8243; _module_preset=&#8221;default&#8221; global_colors_info=&#8221;{}&#8221;][\/et_pb_image][\/et_pb_column][\/et_pb_row][et_pb_row _builder_version=&#8221;4.25.0&#8243; _module_preset=&#8221;default&#8221; global_colors_info=&#8221;{}&#8221;][et_pb_column type=&#8221;4_4&#8243; _builder_version=&#8221;4.25.0&#8243; _module_preset=&#8221;default&#8221; global_colors_info=&#8221;{}&#8221;][et_pb_text _builder_version=&#8221;4.25.0&#8243; _module_preset=&#8221;default&#8221; hover_enabled=&#8221;0&#8243; global_colors_info=&#8221;{}&#8221; sticky_enabled=&#8221;0&#8243;]<\/p>\n<p style=\"font-weight: 400\"><span style=\"font-weight: inherit;font-style: inherit\">3\u0160kolske godine 2025.\/2026. Osnovnu \u0161kolu Raji\u0107 poha\u0111a 105 u\u010denika u 8 razrednih odjela.<\/span><\/p>\n<table width=\"555\" style=\"font-weight: 400\">\n<tbody style=\"font-weight: inherit;font-style: inherit\">\n<tr style=\"font-weight: inherit;font-style: inherit\">\n<td style=\"font-weight: inherit;font-style: inherit;width: 132.762px\"><span style=\"font-weight: inherit;font-style: inherit\"><strong>RAZREDI<\/strong><\/span><\/td>\n<td style=\"font-weight: inherit;font-style: inherit;width: 124px\"><span style=\"font-weight: inherit;font-style: inherit\"><strong>BROJ U\u010cENIKA<\/strong><\/span><\/td>\n<td style=\"font-weight: inherit;font-style: inherit;width: 279.438px\"><span style=\"font-weight: inherit;font-style: inherit\"><strong>U\u010cITELJ\/RAZREDNIK<\/strong><\/span><\/td>\n<\/tr>\n<tr style=\"font-weight: inherit;font-style: inherit\">\n<td style=\"font-weight: inherit;font-style: inherit;width: 132.762px\"><span style=\"font-weight: inherit;font-style: inherit\">1. razred<\/span><\/td>\n<td style=\"font-weight: inherit;font-style: inherit;width: 124px\">11<\/td>\n<td style=\"font-weight: inherit;font-style: inherit;width: 279.438px\">Maja Kova\u010devi\u0107\/Damir Bla\u017eekovi\u0107<\/td>\n<\/tr>\n<tr style=\"font-weight: inherit;font-style: inherit\">\n<td style=\"font-weight: inherit;font-style: inherit;width: 132.762px\"><span style=\"font-weight: inherit;font-style: inherit\">2. razred<\/span><\/td>\n<td style=\"font-weight: inherit;font-style: inherit;width: 124px\"><span style=\"font-weight: inherit;font-style: inherit\">10<\/span><\/td>\n<td style=\"font-weight: inherit;font-style: inherit;width: 279.438px\">\u00a0Zrinka Vidakovi\u0107<\/td>\n<\/tr>\n<tr style=\"font-weight: inherit;font-style: inherit\">\n<td style=\"font-weight: inherit;font-style: inherit;width: 132.762px\"><span style=\"font-weight: inherit;font-style: inherit\">3. razred<\/span><\/td>\n<td style=\"font-weight: inherit;font-style: inherit;width: 124px\"><span style=\"font-weight: inherit;font-style: inherit\">12<\/span><\/td>\n<td style=\"font-weight: inherit;font-style: inherit;width: 279.438px\"><span style=\"font-weight: inherit;font-style: inherit\">Mira \u010cuvidi\u0107<\/span><\/td>\n<\/tr>\n<tr style=\"font-weight: inherit;font-style: inherit\">\n<td style=\"font-weight: inherit;font-style: inherit;width: 132.762px\"><span style=\"font-weight: inherit;font-style: inherit\">4. razred<\/span><\/td>\n<td style=\"font-weight: inherit;font-style: inherit;width: 124px\"><span style=\"font-weight: inherit;font-style: inherit\">9<\/span><\/td>\n<td style=\"font-weight: inherit;font-style: inherit;width: 279.438px\"><span style=\"font-weight: inherit;font-style: inherit\">Suzana Slabak<\/span><\/td>\n<\/tr>\n<tr style=\"font-weight: inherit;font-style: inherit\">\n<td style=\"font-weight: inherit;font-style: inherit;width: 132.762px\"><span style=\"font-weight: inherit;font-style: inherit\">5. razred<\/span><\/td>\n<td style=\"font-weight: inherit;font-style: inherit;width: 124px\"><span style=\"font-weight: inherit;font-style: inherit\">13<\/span><\/td>\n<td style=\"font-weight: inherit;font-style: inherit;width: 279.438px\"><span style=\"font-weight: inherit;font-style: inherit\">Antonela Mataji\u0107<\/span><\/td>\n<\/tr>\n<tr style=\"font-weight: inherit;font-style: inherit\">\n<td style=\"font-weight: inherit;font-style: inherit;width: 132.762px\"><span style=\"font-weight: inherit;font-style: inherit\">6. razred<\/span><\/td>\n<td style=\"font-weight: inherit;font-style: inherit;width: 124px\"><span style=\"font-weight: inherit;font-style: inherit\">15<\/span><\/td>\n<td style=\"font-weight: inherit;font-style: inherit;width: 279.438px\"><span style=\"font-weight: inherit;font-style: inherit\">Lidija Petrove\u010dki Bosanac<\/span><\/td>\n<\/tr>\n<tr style=\"font-weight: inherit;font-style: inherit\">\n<td style=\"font-weight: inherit;font-style: inherit;width: 132.762px\"><span style=\"font-weight: inherit;font-style: inherit\">7. razred<\/span><\/td>\n<td style=\"font-weight: inherit;font-style: inherit;width: 124px\"><span style=\"font-weight: inherit;font-style: inherit\">15<\/span><\/td>\n<td style=\"font-weight: inherit;font-style: inherit;width: 279.438px\"><span style=\"font-weight: inherit;font-style: inherit\">Neven \u0160epovi\u0107<\/span><\/td>\n<\/tr>\n<tr style=\"font-weight: inherit;font-style: inherit\">\n<td style=\"font-weight: inherit;font-style: inherit;width: 132.762px\"><span style=\"font-weight: inherit;font-style: inherit\">8. razred<\/span><\/td>\n<td style=\"font-weight: inherit;font-style: inherit;width: 124px\"><span style=\"font-weight: inherit;font-style: inherit\">20<\/span><\/td>\n<td style=\"font-weight: inherit;font-style: inherit;width: 279.438px\"><span style=\"font-weight: inherit;font-style: inherit\">Tatjana \u0160imunovi\u0107<\/span><\/td>\n<\/tr>\n<\/tbody>\n<\/table>\n<p>[\/et_pb_text][\/et_pb_column][\/et_pb_row][\/et_pb_section]<\/p>\n","protected":false},"excerpt":{"rendered":"<p>3\u0160kolske godine 2025.\/2026. Osnovnu \u0161kolu Raji\u0107 poha\u0111a 105 u\u010denika u 8 razrednih odjela. RAZREDI BROJ U\u010cENIKA U\u010cITELJ\/RAZREDNIK 1. razred 11 Maja Kova\u010devi\u0107\/Damir Bla\u017eekovi\u0107 2. razred 10 \u00a0Zrinka Vidakovi\u0107 3. razred 12 Mira \u010cuvidi\u0107 4. razred 9 Suzana Slabak 5. razred 13 Antonela Mataji\u0107 6. razred 15 Lidija Petrove\u010dki Bosanac 7. razred 15 Neven \u0160epovi\u0107 8. [&hellip;]<\/p>\n","protected":false},"author":0,"featured_media":0,"parent":0,"menu_order":0,"comment_status":"closed","ping_status":"closed","template":"","meta":{"_et_pb_use_builder":"on","_et_pb_old_content":"","_et_gb_content_width":"","footnotes":""},"_links":{"self":[{"href":"https:\/\/os-rajic.skole.hr\/index.php?rest_route=\/wp\/v2\/pages\/20"}],"collection":[{"href":"https:\/\/os-rajic.skole.hr\/index.php?rest_route=\/wp\/v2\/pages"}],"about":[{"href":"https:\/\/os-rajic.skole.hr\/index.php?rest_route=\/wp\/v2\/types\/page"}],"replies":[{"embeddable":true,"href":"https:\/\/os-rajic.skole.hr\/index.php?rest_route=%2Fwp%2Fv2%2Fcomments&post=20"}],"version-history":[{"count":2,"href":"https:\/\/os-rajic.skole.hr\/index.php?rest_route=\/wp\/v2\/pages\/20\/revisions"}],"predecessor-version":[{"id":296262,"href":"https:\/\/os-rajic.skole.hr\/index.php?rest_route=\/wp\/v2\/pages\/20\/revisions\/296262"}],"wp:attachment":[{"href":"https:\/\/os-rajic.skole.hr\/index.php?rest_route=%2Fwp%2Fv2%2Fmedia&parent=20"}],"curies":[{"name":"wp","href":"https:\/\/api.w.org\/{rel}","templated":true}]}}