{"id":296232,"date":"2026-02-09T09:30:22","date_gmt":"2026-02-09T08:30:22","guid":{"rendered":"https:\/\/os-rajic.skole.hr\/?page_id=296232"},"modified":"2026-02-10T21:08:40","modified_gmt":"2026-02-10T20:08:40","slug":"kutak-za-roditelje","status":"publish","type":"page","link":"https:\/\/os-rajic.skole.hr\/?page_id=296232","title":{"rendered":"Kutak za roditelje"},"content":{"rendered":"<p>[et_pb_section fb_built=&#8221;1&#8243; _builder_version=&#8221;4.25.0&#8243; _module_preset=&#8221;default&#8221; global_colors_info=&#8221;{}&#8221;][et_pb_row _builder_version=&#8221;4.25.0&#8243; _module_preset=&#8221;default&#8221; column_structure=&#8221;1_2,1_2&#8243;][et_pb_column _builder_version=&#8221;4.25.0&#8243; _module_preset=&#8221;default&#8221; type=&#8221;1_2&#8243;][et_pb_image src=&#8221;https:\/\/os-rajic.skole.hr\/wp-content\/uploads\/sites\/2086\/2026\/02\/RODITELJI.png&#8221; _builder_version=&#8221;4.25.0&#8243; _module_preset=&#8221;default&#8221; title_text=&#8221;RODITELJI&#8221; hover_enabled=&#8221;0&#8243; sticky_enabled=&#8221;0&#8243;][\/et_pb_image][\/et_pb_column][et_pb_column _builder_version=&#8221;4.25.0&#8243; _module_preset=&#8221;default&#8221; type=&#8221;1_2&#8243;][et_pb_text _builder_version=&#8221;4.25.0&#8243; _module_preset=&#8221;default&#8221; hover_enabled=&#8221;0&#8243; sticky_enabled=&#8221;0&#8243; custom_padding=&#8221;|||0px||&#8221; width=&#8221;100%&#8221;]<\/p>\n<h4 style=\"text-align: justify\"><span>Dobrodo\u0161li u\u00a0<\/span><strong>Kutak za roditelje<\/strong><span>!<\/span><\/h4>\n<h4 style=\"text-align: justify\"><span> Ovdje \u0107ete prona\u0107i korisne informacije, savjete i resurse koji Vam mogu pomo\u0107i u pra\u0107enju i podr\u0161ci \u0161kolovanja Va\u0161eg djeteta.<\/span><\/h4>\n<h4 style=\"text-align: justify\"><span> Redovito \u0107emo objavljivati va\u017ene obavijesti, doga\u0111aje te prijedloge kako podr\u017eati svoje dijete u u\u010denju i razvoju. <\/span><\/h4>\n<h4 style=\"text-align: justify\"><span>Cilj nam je osigurati da uvijek budete informirani i povezani sa \u0161kolom.<\/span><\/h4>\n<p>[\/et_pb_text][\/et_pb_column][\/et_pb_row][\/et_pb_section]<\/p>\n","protected":false},"excerpt":{"rendered":"<p>Dobrodo\u0161li u\u00a0Kutak za roditelje! Ovdje \u0107ete prona\u0107i korisne informacije, savjete i resurse koji Vam mogu pomo\u0107i u pra\u0107enju i podr\u0161ci \u0161kolovanja Va\u0161eg djeteta. Redovito \u0107emo objavljivati va\u017ene obavijesti, doga\u0111aje te prijedloge kako podr\u017eati svoje dijete u u\u010denju i razvoju. Cilj nam je osigurati da uvijek budete informirani i povezani sa \u0161kolom.<\/p>\n","protected":false},"author":3454,"featured_media":0,"parent":0,"menu_order":0,"comment_status":"closed","ping_status":"closed","template":"","meta":{"_et_pb_use_builder":"on","_et_pb_old_content":"","_et_gb_content_width":"","footnotes":""},"class_list":["post-296232","page","type-page","status-publish","hentry"],"_links":{"self":[{"href":"https:\/\/os-rajic.skole.hr\/index.php?rest_route=\/wp\/v2\/pages\/296232","targetHints":{"allow":["GET"]}}],"collection":[{"href":"https:\/\/os-rajic.skole.hr\/index.php?rest_route=\/wp\/v2\/pages"}],"about":[{"href":"https:\/\/os-rajic.skole.hr\/index.php?rest_route=\/wp\/v2\/types\/page"}],"author":[{"embeddable":true,"href":"https:\/\/os-rajic.skole.hr\/index.php?rest_route=\/wp\/v2\/users\/3454"}],"replies":[{"embeddable":true,"href":"https:\/\/os-rajic.skole.hr\/index.php?rest_route=%2Fwp%2Fv2%2Fcomments&post=296232"}],"version-history":[{"count":5,"href":"https:\/\/os-rajic.skole.hr\/index.php?rest_route=\/wp\/v2\/pages\/296232\/revisions"}],"predecessor-version":[{"id":296334,"href":"https:\/\/os-rajic.skole.hr\/index.php?rest_route=\/wp\/v2\/pages\/296232\/revisions\/296334"}],"wp:attachment":[{"href":"https:\/\/os-rajic.skole.hr\/index.php?rest_route=%2Fwp%2Fv2%2Fmedia&parent=296232"}],"curies":[{"name":"wp","href":"https:\/\/api.w.org\/{rel}","templated":true}]}}