{"id":296295,"date":"2026-02-10T20:41:23","date_gmt":"2026-02-10T19:41:23","guid":{"rendered":"https:\/\/os-rajic.skole.hr\/?page_id=296295"},"modified":"2026-03-24T12:54:46","modified_gmt":"2026-03-24T11:54:46","slug":"raspored-informacija","status":"publish","type":"page","link":"https:\/\/os-rajic.skole.hr\/?page_id=296295","title":{"rendered":"Raspored informacija"},"content":{"rendered":"<p>[et_pb_section fb_built=&#8221;1&#8243; _builder_version=&#8221;4.25.0&#8243; _module_preset=&#8221;default&#8221; locked=&#8221;off&#8221; global_colors_info=&#8221;{}&#8221;][et_pb_row _builder_version=&#8221;4.25.0&#8243; _module_preset=&#8221;default&#8221; global_colors_info=&#8221;{}&#8221;][et_pb_column type=&#8221;4_4&#8243; _builder_version=&#8221;4.25.0&#8243; _module_preset=&#8221;default&#8221; global_colors_info=&#8221;{}&#8221;][et_pb_heading title=&#8221;Raspored informacija&#8221; _builder_version=&#8221;4.25.0&#8243; _module_preset=&#8221;default&#8221; global_colors_info=&#8221;{}&#8221;][\/et_pb_heading][et_pb_text _builder_version=&#8221;4.25.0&#8243; _module_preset=&#8221;default&#8221; global_colors_info=&#8221;{}&#8221;]<\/p>\n<h4>Razredna nastava<\/h4>\n<p>[\/et_pb_text][\/et_pb_column][\/et_pb_row][et_pb_row _builder_version=&#8221;4.25.0&#8243; _module_preset=&#8221;default&#8221; global_colors_info=&#8221;{}&#8221;][et_pb_column type=&#8221;4_4&#8243; _builder_version=&#8221;4.25.0&#8243; _module_preset=&#8221;default&#8221; global_colors_info=&#8221;{}&#8221;][et_pb_text _builder_version=&#8221;4.25.0&#8243; _module_preset=&#8221;default&#8221; global_colors_info=&#8221;{}&#8221;]<\/p>\n<table>\n<tbody>\n<tr>\n<td width=\"151\">\n<p>RAZRED<\/p>\n<\/td>\n<td width=\"151\">\n<p>U\u010cITELJ<\/p>\n<\/td>\n<td width=\"151\">\n<p>DAN U TJEDNU<\/p>\n<\/td>\n<td width=\"151\">\n<p>VRIJEME<\/p>\n<\/td>\n<\/tr>\n<tr>\n<td width=\"151\">\n<p>1.\u00a0\u00a0\u00a0\u00a0\u00a0 razred<\/p>\n<\/td>\n<td width=\"151\">\n<p>Helena Klari\u0107<\/p>\n<\/td>\n<td width=\"151\">\n<p>Srijeda<\/p>\n<\/td>\n<td width=\"151\">\n<p>11:15 \u2013 12:00<\/p>\n<\/td>\n<\/tr>\n<tr>\n<td width=\"151\">\n<p>2.\u00a0\u00a0\u00a0\u00a0\u00a0 razred<\/p>\n<\/td>\n<td width=\"151\">\n<p>Zrinka Vidakovi\u0107<\/p>\n<\/td>\n<td width=\"151\">\n<p>Utorak<\/p>\n<\/td>\n<td width=\"151\">\n<p>10: 15 \u2013 11:10<\/p>\n<\/td>\n<\/tr>\n<tr>\n<td width=\"151\">\n<p>3.\u00a0\u00a0\u00a0\u00a0\u00a0 razred<\/p>\n<\/td>\n<td width=\"151\">\n<p>Mira \u010cuvidi\u0107<\/p>\n<\/td>\n<td width=\"151\">\n<p>\u010cetvrtak<\/p>\n<\/td>\n<td width=\"151\">\n<p>11:15 \u2013 12:00<\/p>\n<\/td>\n<\/tr>\n<tr>\n<td width=\"151\">\n<p>4.\u00a0\u00a0\u00a0\u00a0\u00a0 razred<\/p>\n<\/td>\n<td width=\"151\">\n<p>Suzana Slabak<\/p>\n<\/td>\n<td width=\"151\">\n<p>\u010cetvrtak<\/p>\n<\/td>\n<td width=\"151\">\n<p>10:25 \u2013 11:10<\/p>\n<\/td>\n<\/tr>\n<\/tbody>\n<\/table>\n<p>[\/et_pb_text][\/et_pb_column][\/et_pb_row][et_pb_row _builder_version=&#8221;4.25.0&#8243; _module_preset=&#8221;default&#8221; global_colors_info=&#8221;{}&#8221;][et_pb_column type=&#8221;4_4&#8243; _builder_version=&#8221;4.25.0&#8243; _module_preset=&#8221;default&#8221; global_colors_info=&#8221;{}&#8221;][et_pb_text _builder_version=&#8221;4.25.0&#8243; _module_preset=&#8221;default&#8221; global_colors_info=&#8221;{}&#8221;]<\/p>\n<h4>Predmetna nastava<\/h4>\n<p>[\/et_pb_text][\/et_pb_column][\/et_pb_row][et_pb_row _builder_version=&#8221;4.25.0&#8243; _module_preset=&#8221;default&#8221; global_colors_info=&#8221;{}&#8221;][et_pb_column type=&#8221;4_4&#8243; _builder_version=&#8221;4.25.0&#8243; _module_preset=&#8221;default&#8221; global_colors_info=&#8221;{}&#8221;][et_pb_text _builder_version=&#8221;4.25.0&#8243; _module_preset=&#8221;default&#8221; global_colors_info=&#8221;{}&#8221;]<\/p>\n<table>\n<tbody>\n<tr>\n<td width=\"149\">\n<p>PREDMET<\/p>\n<\/td>\n<td width=\"149\">\n<p>U\u010cITELJ<\/p>\n<\/td>\n<td width=\"149\">\n<p>DAN U TJEDNU<\/p>\n<\/td>\n<td width=\"149\">\n<p>VRIJEME<\/p>\n<\/td>\n<\/tr>\n<tr>\n<td width=\"149\">\n<p>MATEMATIKA<\/p>\n<\/td>\n<td width=\"149\">\n<p>Antonela Mataji\u0107<\/p>\n<\/td>\n<td width=\"149\">\n<p>Utorak<\/p>\n<\/td>\n<td width=\"149\">\n<p>9:25 \u2013 10:10<\/p>\n<\/td>\n<\/tr>\n<tr>\n<td width=\"149\">\n<p>ENGLESKI JEZIK<\/p>\n<\/td>\n<td width=\"149\">\n<p>Sandra Bare\u0161i\u0107<\/p>\n<\/td>\n<td width=\"149\">\n<p>\u010cetvrtak<\/p>\n<\/td>\n<td width=\"149\">\n<p>12:00 \u2013 12:45<\/p>\n<\/td>\n<\/tr>\n<tr>\n<td width=\"149\">\n<p>HRVATSKI JEZIK<\/p>\n<\/td>\n<td width=\"149\">\n<p>Tatjana \u0160imunovi\u0107<\/p>\n<\/td>\n<td width=\"149\">\n<p>Petak<\/p>\n<\/td>\n<td width=\"149\">\n<p>12:00 \u2013 12:45<\/p>\n<\/td>\n<\/tr>\n<tr>\n<td width=\"149\">\n<p>INFORMATIKA<\/p>\n<\/td>\n<td width=\"149\">\n<p>Lidija Petrove\u010dki Bosanac<\/p>\n<\/td>\n<td width=\"149\">\n<p>Srijeda<\/p>\n<\/td>\n<td width=\"149\">\n<p>8:30 \u2013 9:20<\/p>\n<\/td>\n<\/tr>\n<tr>\n<td width=\"149\">\n<p>PRIRODA\/BIOLOGIJA<\/p>\n<\/td>\n<td width=\"149\">\n<p>Marijan Bartolac<\/p>\n<\/td>\n<td width=\"149\">\n<p>Petak<\/p>\n<\/td>\n<td width=\"149\">\n<p>9:25 \u2013 10:10<\/p>\n<\/td>\n<\/tr>\n<tr>\n<td width=\"149\">\n<p>LIKOVNA KULTURA<\/p>\n<\/td>\n<td width=\"149\">\n<p>Jasenka Gugi\u0107<\/p>\n<\/td>\n<td width=\"149\">\n<p>Utorak<\/p>\n<\/td>\n<td width=\"149\">\n<p>10:25 \u2013 11:10<\/p>\n<\/td>\n<\/tr>\n<tr>\n<td width=\"149\">\n<p>TJELESNA I ZDRAVSTVENA KULTURA<\/p>\n<\/td>\n<td width=\"149\">\n<p>Tomislav Bai\u0107<\/p>\n<\/td>\n<td width=\"149\">\n<p>Utorak<\/p>\n<\/td>\n<td width=\"149\">\n<p>7:00 \u2013 7:45<\/p>\n<\/td>\n<\/tr>\n<tr>\n<td width=\"149\">\n<p>VJERONAUK<\/p>\n<\/td>\n<td width=\"149\">\n<p>Ivana Lagund\u017ei\u0107<\/p>\n<\/td>\n<td width=\"149\">\n<p>Petak<\/p>\n<\/td>\n<td width=\"149\">\n<p>8:35 \u2013 9:20<\/p>\n<\/td>\n<\/tr>\n<tr>\n<td width=\"149\">\n<p>POVIJEST<\/p>\n<\/td>\n<td width=\"149\">\n<p>Josip Ivezi\u0107<\/p>\n<\/td>\n<td width=\"149\">\n<p>Petak<\/p>\n<\/td>\n<td width=\"149\">\n<p>11:15 \u2013 12:00<\/p>\n<\/td>\n<\/tr>\n<tr>\n<td width=\"149\">\n<p>GEOGRAFIJA<\/p>\n<\/td>\n<td width=\"149\">\n<p>Neven \u0160epovi\u0107<\/p>\n<\/td>\n<td width=\"149\">\n<p>Srijeda<\/p>\n<\/td>\n<td width=\"149\">\n<p>8:30 \u2013 9:20<\/p>\n<\/td>\n<\/tr>\n<tr>\n<td width=\"149\">\n<p>KEMIJA<\/p>\n<\/td>\n<td width=\"149\">\n<p>Tatjana Zakari\u0107<\/p>\n<\/td>\n<td width=\"149\">\n<p>\u010cetvrtak<\/p>\n<\/td>\n<td width=\"149\">\n<p>8:30 \u2013 9:20<\/p>\n<\/td>\n<\/tr>\n<tr>\n<td width=\"149\">\n<p>GLAZBENA KULTURA<\/p>\n<\/td>\n<td width=\"149\">\n<p>Danijela \u0160mulji\u0107 Mato\u0161evi\u0107<\/p>\n<\/td>\n<td width=\"149\">\n<p>\u010cetvrtak<\/p>\n<\/td>\n<td width=\"149\">\n<p>12:05 \u2013 12:50<\/p>\n<\/td>\n<\/tr>\n<tr>\n<td width=\"149\">\n<p>FIZIKA<\/p>\n<\/td>\n<td width=\"149\">\n<p>Katarina \u010cur\u010di\u0107<\/p>\n<\/td>\n<td width=\"149\">\n<p>Petak<\/p>\n<\/td>\n<td width=\"149\">\n<p>8:30 \u2013 9:20<\/p>\n<\/td>\n<\/tr>\n<\/tbody>\n<\/table>\n<p>[\/et_pb_text][\/et_pb_column][\/et_pb_row][\/et_pb_section]<\/p>\n","protected":false},"excerpt":{"rendered":"<p>Razredna nastava RAZRED U\u010cITELJ DAN U TJEDNU VRIJEME 1.\u00a0\u00a0\u00a0\u00a0\u00a0 razred Helena Klari\u0107 Srijeda 11:15 \u2013 12:00 2.\u00a0\u00a0\u00a0\u00a0\u00a0 razred Zrinka Vidakovi\u0107 Utorak 10: 15 \u2013 11:10 3.\u00a0\u00a0\u00a0\u00a0\u00a0 razred Mira \u010cuvidi\u0107 \u010cetvrtak 11:15 \u2013 12:00 4.\u00a0\u00a0\u00a0\u00a0\u00a0 razred Suzana Slabak \u010cetvrtak 10:25 \u2013 11:10 Predmetna nastava PREDMET U\u010cITELJ DAN U TJEDNU VRIJEME MATEMATIKA Antonela Mataji\u0107 Utorak 9:25 \u2013 [&hellip;]<\/p>\n","protected":false},"author":3454,"featured_media":0,"parent":0,"menu_order":0,"comment_status":"closed","ping_status":"closed","template":"","meta":{"_et_pb_use_builder":"on","_et_pb_old_content":"","_et_gb_content_width":"","footnotes":""},"class_list":["post-296295","page","type-page","status-publish","hentry"],"_links":{"self":[{"href":"https:\/\/os-rajic.skole.hr\/index.php?rest_route=\/wp\/v2\/pages\/296295","targetHints":{"allow":["GET"]}}],"collection":[{"href":"https:\/\/os-rajic.skole.hr\/index.php?rest_route=\/wp\/v2\/pages"}],"about":[{"href":"https:\/\/os-rajic.skole.hr\/index.php?rest_route=\/wp\/v2\/types\/page"}],"author":[{"embeddable":true,"href":"https:\/\/os-rajic.skole.hr\/index.php?rest_route=\/wp\/v2\/users\/3454"}],"replies":[{"embeddable":true,"href":"https:\/\/os-rajic.skole.hr\/index.php?rest_route=%2Fwp%2Fv2%2Fcomments&post=296295"}],"version-history":[{"count":3,"href":"https:\/\/os-rajic.skole.hr\/index.php?rest_route=\/wp\/v2\/pages\/296295\/revisions"}],"predecessor-version":[{"id":297438,"href":"https:\/\/os-rajic.skole.hr\/index.php?rest_route=\/wp\/v2\/pages\/296295\/revisions\/297438"}],"wp:attachment":[{"href":"https:\/\/os-rajic.skole.hr\/index.php?rest_route=%2Fwp%2Fv2%2Fmedia&parent=296295"}],"curies":[{"name":"wp","href":"https:\/\/api.w.org\/{rel}","templated":true}]}}