{"id":68,"date":"2023-07-28T22:06:56","date_gmt":"2023-07-28T20:06:56","guid":{"rendered":"https:\/\/os-rajic.skole.hr\/?page_id=68"},"modified":"2026-02-21T10:47:51","modified_gmt":"2026-02-21T09:47:51","slug":"strucne-sluzbe","status":"publish","type":"page","link":"https:\/\/os-rajic.skole.hr\/?page_id=68","title":{"rendered":"Stru\u010dne slu\u017ebe"},"content":{"rendered":"<p>[et_pb_section fb_built=&#8221;1&#8243; _builder_version=&#8221;4.25.0&#8243; _module_preset=&#8221;default&#8221; global_colors_info=&#8221;{}&#8221;][et_pb_row _builder_version=&#8221;4.25.0&#8243; _module_preset=&#8221;default&#8221; global_colors_info=&#8221;{}&#8221;][et_pb_column type=&#8221;4_4&#8243; _builder_version=&#8221;4.25.0&#8243; _module_preset=&#8221;default&#8221; global_colors_info=&#8221;{}&#8221;][et_pb_text _builder_version=&#8221;4.25.0&#8243; _module_preset=&#8221;default&#8221; background_color=&#8221;#B0F96C&#8221; hover_enabled=&#8221;0&#8243; sticky_enabled=&#8221;0&#8243;]<\/p>\n<p>Helena Ma\u017ear, stru\u010dni suradnik pedagog<\/p>\n<p>Mail:<span style=\"color: #444444\"> <a href=\"mailto:helena.mazar1@skole.hr\" style=\"color: #444444;text-decoration: underline\">helena.mazar1@skole.hr<\/a><\/span><\/p>\n<p>Telefon: 044\/570-074<\/p>\n<p>[\/et_pb_text][\/et_pb_column][\/et_pb_row][et_pb_row _builder_version=&#8221;4.25.0&#8243; _module_preset=&#8221;default&#8221; column_structure=&#8221;1_2,1_2&#8243;][et_pb_column _builder_version=&#8221;4.25.0&#8243; _module_preset=&#8221;default&#8221; type=&#8221;1_2&#8243;][et_pb_image src=&#8221;https:\/\/os-rajic.skole.hr\/wp-content\/uploads\/sites\/2086\/2026\/02\/Pedagog.jpg&#8221; _builder_version=&#8221;4.25.0&#8243; _module_preset=&#8221;default&#8221; title_text=&#8221;Pedagog&#8221; hover_enabled=&#8221;0&#8243; sticky_enabled=&#8221;0&#8243;][\/et_pb_image][\/et_pb_column][et_pb_column _builder_version=&#8221;4.25.0&#8243; _module_preset=&#8221;default&#8221; type=&#8221;1_2&#8243;][et_pb_text _builder_version=&#8221;4.25.0&#8243; _module_preset=&#8221;default&#8221; hover_enabled=&#8221;0&#8243; sticky_enabled=&#8221;0&#8243;]<\/p>\n<p style=\"text-align: center\"><strong>Pedagoginja u \u0161koli nije tek ime,<\/strong><br \/><strong>ona slu\u0161a, razumije i poti\u010de vrline.<\/strong><\/p>\n<p style=\"text-align: center\"><strong><\/strong><\/p>\n<p style=\"text-align: center\"><strong>S u\u010diteljima planira, s roditeljima snuje<\/strong><br \/><strong>i svakom djetetu tiho vjeru daruje.<\/strong><\/p>\n<p>[\/et_pb_text][\/et_pb_column][\/et_pb_row][\/et_pb_section]<\/p>\n","protected":false},"excerpt":{"rendered":"<p>Helena Ma\u017ear, stru\u010dni suradnik pedagog Mail: helena.mazar1@skole.hr Telefon: 044\/570-074Pedagoginja u \u0161koli nije tek ime,ona slu\u0161a, razumije i poti\u010de vrline. S u\u010diteljima planira, s roditeljima snujei svakom djetetu tiho vjeru daruje.<\/p>\n","protected":false},"author":0,"featured_media":0,"parent":0,"menu_order":0,"comment_status":"closed","ping_status":"closed","template":"","meta":{"_et_pb_use_builder":"on","_et_pb_old_content":"","_et_gb_content_width":"","footnotes":""},"class_list":["post-68","page","type-page","status-publish","hentry"],"_links":{"self":[{"href":"https:\/\/os-rajic.skole.hr\/index.php?rest_route=\/wp\/v2\/pages\/68","targetHints":{"allow":["GET"]}}],"collection":[{"href":"https:\/\/os-rajic.skole.hr\/index.php?rest_route=\/wp\/v2\/pages"}],"about":[{"href":"https:\/\/os-rajic.skole.hr\/index.php?rest_route=\/wp\/v2\/types\/page"}],"replies":[{"embeddable":true,"href":"https:\/\/os-rajic.skole.hr\/index.php?rest_route=%2Fwp%2Fv2%2Fcomments&post=68"}],"version-history":[{"count":4,"href":"https:\/\/os-rajic.skole.hr\/index.php?rest_route=\/wp\/v2\/pages\/68\/revisions"}],"predecessor-version":[{"id":296607,"href":"https:\/\/os-rajic.skole.hr\/index.php?rest_route=\/wp\/v2\/pages\/68\/revisions\/296607"}],"wp:attachment":[{"href":"https:\/\/os-rajic.skole.hr\/index.php?rest_route=%2Fwp%2Fv2%2Fmedia&parent=68"}],"curies":[{"name":"wp","href":"https:\/\/api.w.org\/{rel}","templated":true}]}}